{"id":26,"date":"2013-12-13T17:05:28","date_gmt":"2013-12-13T16:05:28","guid":{"rendered":"http:\/\/malala-kassel.de\/?page_id=26"},"modified":"2020-08-05T10:32:38","modified_gmt":"2020-08-05T08:32:38","slug":"malala-wer","status":"publish","type":"page","link":"https:\/\/malala-kassel.de\/?page_id=26","title":{"rendered":"Malala M\u00e4dchenzentrum"},"content":{"rendered":"<h1>Malala wer?<\/h1>\n<p>Das M\u00e4dchenzentrum Malala wurde nach Malala Yousafzai benannt.<\/p>\n<p><img decoding=\"async\" class=\" alignright\" src=\"http:\/\/vignette1.wikia.nocookie.net\/uncyclopedia\/images\/0\/08\/Malala_Yousafzai.jpg\/revision\/latest\/scale-to-width\/399?cb=20140330004636\" alt=\"\" \/><\/p>\n<p>Malala Yousafzai [m\u0259\u02c8lala jus\u0259f\u02c8z\u0259\u0361i] (paschtunisch \u200f\u0645\u0644\u0627\u0644\u0647 \u06cc\u0648\u0633\u0641\u0632\u06cd\u200e, Urdu \u200f\u0645\u0644\u0627\u0644\u06c1 \u06cc\u0648\u0633\u0641 \u0632\u0626\u06cc\u200e\u200e; * 12. Juli 1997) ist eine Kinderrechtsaktivistin aus dem Swat-Tal in Pakistan. Sie war 2013 die bisher j\u00fcngste Kandidatin f\u00fcr den Friedensnobelpreis.<\/p>\n<p>Malala Yousafzai wurde nach der Poetin und Volksheldin Malalai von Maiwand benannt, die die aufst\u00e4ndischen Paschtunen in der Schlacht von Maiwand 1880 gegen die britischen Truppen anf\u00fchrte. Ihr Nachname Yousafzai ist im Swat-Tal verbreitet und weist darauf hin, dass sie dem Stamm der Yousaf angeh\u00f6rt. Dieser Stammesname ist eine Aussprache-Variante aus Paschtu und Urdu an der Grenze zwischen Afghanistan und Pakistan f\u00fcr den arabischen Namen Yusuf (Josef). Die Endung -zai ist f\u00fcr die einzelnen paschtunischen Sippen sowohl in Afghanistan als auch in Pakistan typisch.<\/p>\n<p>Ab Januar 2009, als sie elf Jahre alt war, berichtete Malala auf einer Webseite der BBC in einem Blog-Tagebuch unter dem Pseudonym Gul Makai \u00fcber Gewalttaten der pakistanischen Taliban im Swat-Tal. Diese Terrororganisation hatte seit 2004 im Swat-Tal Einfluss gewonnen und 2007 damit begonnen, Schulen f\u00fcr M\u00e4dchen zu zerst\u00f6ren und gegnerische Pakistaner zu ermorden. Sie verboten M\u00e4dchen den Schulbesuch, das H\u00f6ren von Musik, das Tanzen und unverschleierte Betreten \u00f6ffentlicher R\u00e4ume. Malala, deren Vater Lehrer an einer M\u00e4dchenschule war, begann eigenst\u00e4ndig damit, die \u00d6ffentlichkeit \u00fcber das Internet \u00fcber diese Lage zu informieren. Sp\u00e4ter trat sie auch in Dokumentationen im Fernsehen auf. 2011 bekam sie den ersten Friedenspreis der pakistanischen Regierung f\u00fcr ihren Einsatz f\u00fcr das Recht der M\u00e4dchen auf Bildung.<\/p>\n<p>Nachdem sie ein ultimatives Verbot der Taliban zum Schulbesuch zusammen mit anderen M\u00e4dchen missachtet hatte, hielten einige Taliban am 9. Oktober 2012 ihren Schulbus auf der Heimfahrt an und fragten nach Malala. Ein Talib schoss aus n\u00e4chster N\u00e4he auf sie. Dabei wurde sie durch Sch\u00fcsse in Kopf und Hals schwer verletzt und musste in einem Milit\u00e4rkrankenhaus in Peschawar operiert werden.<\/p>\n<p>Anlass f\u00fcr den Anschlag war einem Bekennerschreiben der Taliban zufolge der Einsatz des M\u00e4dchens f\u00fcr die schulische Bildung der weiblichen Bev\u00f6lkerung.<\/p>\n<p>[Quelle: <a href=\"http:\/\/de.wikipedia.org\/wiki\/Malala\" target=\"_blank\" rel=\"noopener noreferrer\">wikipedia<\/a>]<\/p>\n<p><iframe loading=\"lazy\" src=\"https:\/\/link.brightcove.com\/services\/player\/bcpid1722935254001?bctid=2542492853001&amp;autoStart=false&amp;secureConnections=true&amp;width=480&amp;height=270\" width=\"480\" height=\"270\" frameborder=\"0\" scrolling=\"no\"><\/iframe><\/p>\n","protected":false},"excerpt":{"rendered":"<p>Malala wer? Das M\u00e4dchenzentrum Malala wurde nach Malala Yousafzai benannt. Malala Yousafzai [m\u0259\u02c8lala jus\u0259f\u02c8z\u0259\u0361i] (paschtunisch \u200f\u0645\u0644\u0627\u0644\u0647 \u06cc\u0648\u0633\u0641\u0632\u06cd\u200e, Urdu \u200f\u0645\u0644\u0627\u0644\u06c1 \u06cc\u0648\u0633\u0641 \u0632\u0626\u06cc\u200e\u200e; * 12. Juli 1997) ist eine Kinderrechtsaktivistin aus dem Swat-Tal in Pakistan. Sie&#46;&#46;&#46;<\/p>\n","protected":false},"author":1,"featured_media":0,"parent":0,"menu_order":9,"comment_status":"closed","ping_status":"closed","template":"","meta":{"footnotes":""},"class_list":["post-26","page","type-page","status-publish","hentry"],"_links":{"self":[{"href":"https:\/\/malala-kassel.de\/index.php?rest_route=\/wp\/v2\/pages\/26","targetHints":{"allow":["GET"]}}],"collection":[{"href":"https:\/\/malala-kassel.de\/index.php?rest_route=\/wp\/v2\/pages"}],"about":[{"href":"https:\/\/malala-kassel.de\/index.php?rest_route=\/wp\/v2\/types\/page"}],"author":[{"embeddable":true,"href":"https:\/\/malala-kassel.de\/index.php?rest_route=\/wp\/v2\/users\/1"}],"replies":[{"embeddable":true,"href":"https:\/\/malala-kassel.de\/index.php?rest_route=%2Fwp%2Fv2%2Fcomments&post=26"}],"version-history":[{"count":10,"href":"https:\/\/malala-kassel.de\/index.php?rest_route=\/wp\/v2\/pages\/26\/revisions"}],"predecessor-version":[{"id":980,"href":"https:\/\/malala-kassel.de\/index.php?rest_route=\/wp\/v2\/pages\/26\/revisions\/980"}],"wp:attachment":[{"href":"https:\/\/malala-kassel.de\/index.php?rest_route=%2Fwp%2Fv2%2Fmedia&parent=26"}],"curies":[{"name":"wp","href":"https:\/\/api.w.org\/{rel}","templated":true}]}}